{"id":108,"date":"2025-11-04T17:49:42","date_gmt":"2025-11-04T20:49:42","guid":{"rendered":"https:\/\/hotel.aibrazil.tec.br\/?page_id=108"},"modified":"2025-11-04T17:49:43","modified_gmt":"2025-11-04T20:49:43","slug":"aracaju","status":"publish","type":"page","link":"https:\/\/sesc-se.com.br\/hotel-atalaia\/aracaju\/","title":{"rendered":"Aracaju"},"content":{"rendered":"\n<h3 class=\"wp-block-heading\">Capital de \u00e1guas mornas e clima agrad\u00e1vel o ano inteiro<\/h3>\n\n\n\n<p>O Hotel Sesc Atalaia est\u00e1 localizado em Aracaju, um lugar que re\u00fane as facilidades de cidade grande com a tranquilidade do interior. A capital sergipana tem praias de \u00e1guas mornas e clima agrad\u00e1vel o ano todo e um povo simp\u00e1tico e hospitaleiro.<\/p>\n\n\n\n<p>O Hotel Sesc Atalaia est\u00e1 situado em local privilegiado, de frente para o mar, na Orla da Atalaia, principal ponto tur\u00edstico da cidade com restaurantes, bares, lanchonetes e v\u00e1rias op\u00e7\u00f5es de lazer como quadras poliesportivas, pistas de skate e patina\u00e7\u00e3o, lagoas e espa\u00e7os para a divers\u00e3o de crian\u00e7as, al\u00e9m do Ocean\u00e1rio do Projeto Tamar.<\/p>\n\n\n\n<p>Na Passarela do Caranguejo, tamb\u00e9m na orla, \u00e9 poss\u00edvel visitar e garantir boas fotos nos Arcos da Atalaia e no caranguejo gigante, s\u00edmbolos da cidade.<\/p>\n\n\n\n<p>Aracaju tamb\u00e9m tem rio com \u00e1gua pr\u00f3pria para o banho na regi\u00e3o da Orla P\u00f4r-do-Sol, que faz jus ao nome e \u00e9 perfeita para experimentar aula de stand-up paddle e contemplar o final do dia. Do local, saem embarca\u00e7\u00f5es para a Croa do Gor\u00e9, um banco de areia no meio do Rio Vaza Barris, e Ilha dos Namorados. O ideal \u00e9 ir com a mar\u00e9 baixa.<\/p>\n\n\n\n<p>No roteiro cultural, entram a Galeria de Arte Sesc C\u00edcero Alves dos Santos \u2013 V\u00e9io, Museu da Gente Sergipana e o Pal\u00e1cio-Museu Ol\u00edmpio Campos. Os parques da Cidade, da Sementeira e Poxim tamb\u00e9m fazem parte das atra\u00e7\u00f5es tur\u00edsticas. Os Mercados Municipais Governador Albano Franco, Ant\u00f4nio Franco e o Thales Ferraz (artesanato) s\u00e3o paradas obrigat\u00f3rias no Centro da cidade.<\/p>\n\n\n\n<p>A capital \u00e9 o ponto de partida para a visita\u00e7\u00e3o a outros atrativos do estado, como passeios as cidades hist\u00f3ricas de S\u00e3o Crist\u00f3v\u00e3o e Laranjeiras, aos c\u00e2nions de Canind\u00e9 do S\u00e3o Francisco, a trilha na Serra de Itabaiana e visita ao Parque dos Falc\u00f5es e \u00e0 Praia do Saco, em Est\u00e2ncia.<\/p>\n","protected":false},"excerpt":{"rendered":"<p>Capital de \u00e1guas mornas e clima agrad\u00e1vel o ano inteiro O Hotel Sesc Atalaia est\u00e1 localizado em Aracaju, um lugar que re\u00fane as facilidades de cidade grande com a tranquilidade do interior. A capital sergipana tem praias de \u00e1guas mornas e clima agrad\u00e1vel o ano todo e um povo simp\u00e1tico e hospitaleiro. O Hotel Sesc [&hellip;]<\/p>\n","protected":false},"author":1,"featured_media":0,"parent":0,"menu_order":0,"comment_status":"closed","ping_status":"closed","template":"","meta":{"_acf_changed":false,"footnotes":""},"class_list":["post-108","page","type-page","status-publish","hentry"],"acf":[],"_links":{"self":[{"href":"https:\/\/sesc-se.com.br\/hotel-atalaia\/wp-json\/wp\/v2\/pages\/108","targetHints":{"allow":["GET"]}}],"collection":[{"href":"https:\/\/sesc-se.com.br\/hotel-atalaia\/wp-json\/wp\/v2\/pages"}],"about":[{"href":"https:\/\/sesc-se.com.br\/hotel-atalaia\/wp-json\/wp\/v2\/types\/page"}],"author":[{"embeddable":true,"href":"https:\/\/sesc-se.com.br\/hotel-atalaia\/wp-json\/wp\/v2\/users\/1"}],"replies":[{"embeddable":true,"href":"https:\/\/sesc-se.com.br\/hotel-atalaia\/wp-json\/wp\/v2\/comments?post=108"}],"version-history":[{"count":1,"href":"https:\/\/sesc-se.com.br\/hotel-atalaia\/wp-json\/wp\/v2\/pages\/108\/revisions"}],"predecessor-version":[{"id":109,"href":"https:\/\/sesc-se.com.br\/hotel-atalaia\/wp-json\/wp\/v2\/pages\/108\/revisions\/109"}],"wp:attachment":[{"href":"https:\/\/sesc-se.com.br\/hotel-atalaia\/wp-json\/wp\/v2\/media?parent=108"}],"curies":[{"name":"wp","href":"https:\/\/api.w.org\/{rel}","templated":true}]}}